{"id":1068,"date":"2022-03-03T13:56:32","date_gmt":"2022-03-03T12:56:32","guid":{"rendered":"http:\/\/s829081562.online.de\/?page_id=1068"},"modified":"2022-10-27T13:13:34","modified_gmt":"2022-10-27T11:13:34","slug":"ueber-3","status":"publish","type":"page","link":"https:\/\/markusfrietsch.com\/?page_id=1068","title":{"rendered":"\u00dcber"},"content":{"rendered":"<div class=\"bm-builder clearfix \"><div id=\"\" class=\"module col-6 module-id-1646311848688 col-offset-0\" data-module-col=\"6\"><div class=\"module-inside text-inside\" style=\"--top-mod: 40px;--bottom-mod: 0px;--top-mod-t: 40px;--bottom-mod-t: 0px;--top-mod-m:0px;--bottom-mod-m:0px;\" ><div class=\"text_block_out\"  data-effect=\"standard\" style=\"\"><div class=\"text_block ux-mod-nobg\"><div class=\"text_block_inn\"><div id=\"text-1646311848688\" class=\"text_block_centered text_block_centered_enable_width\"  style=\"\"><p><em><span style=\"font-size: 18px;\"><span style=\"color: #ffffff;\" data-tsize=\"16px\" data-msize=\"17px\">\u201e<\/span><\/span>Als Fotograf bin ich interessiert an Menschen und R\u00e4umen. Wenn ich Bauten portraitiere, schaue ich gerne auf reine \u00c4usserlichkeiten. Zwar bin ich auch an den inneren Werten interessiert, aber die Geb\u00e4ude d\u00fcrfen gerne ihr Geheimnis bewahren.<span style=\"font-size: 18px;\"><span style=\"color: #ffffff;\" data-tsize=\"16px\" data-msize=\"17px\">\u201c<\/span><\/span><\/em><\/p>\n<p><span style=\"color: #efefef;\"><i><span style=\"background-color: transparent;\"><span style=\"font-size: 18px;\"><span style=\"font-size: 20px;\">&nbsp;<\/span><\/span><\/span><\/i><\/span><\/p>\n<p><span style=\"color: #efefef;\"><i><span style=\"background-color: transparent;\"><span style=\"font-size: 18px;\"><span style=\"font-size: 20px;\">&nbsp;<\/span><\/span><\/span><\/i><\/span><\/p>\n<p><span style=\"color: #99ccff; font-size: 20px;\">Kontakt<\/span><\/p>\n<p><span style=\"color: #f7f7f7;\"><i><\/i><span style=\"color: #ffffff; font-size: 16px;\" data-msize=\"16px\">Markus Frietsch \u2022 Neugasse 83 \u2022 CH-8005 Z\u00fcrich <br><\/span><\/span><\/p>\n<p><span style=\"color: #f7f7f7; font-size: 18px;\"><span style=\"color: #6badde;\"><span style=\"color: #ffffff; font-size: 16px;\" data-msize=\"16px\">+41 76 508 89 84 &nbsp;<\/span>&nbsp; &nbsp;&nbsp;&nbsp; <\/span><\/span><span style=\"color: #f7f7f7;\"><span style=\"color: #6badde;\"><span style=\"font-size: 20px;\"><span style=\"color: #ffffff; font-size: 18px;\"><a href=\"mailto:info@markusfrietsch.com\" target=\"_blank\" rel=\"noopener\">\u2028info<span style=\"font-size: 16px;\">@markusfrietsch.com<\/span><\/a><\/span><span style=\"font-size: 20px;\"><span style=\"font-size: 16px;\"><span style=\"color: #ffffff;\">&nbsp;<\/span>&nbsp;<\/span> <br><\/span><\/span><\/span><\/span><\/p>\n<p>&nbsp;<\/p><\/div><\/div><\/div><\/div><\/div><\/div><div id=\"\" class=\"module col-5 module-id-1646821241903 col-offset-0\" data-module-col=\"5\"><div class=\"module-inside single-image-inside\" style=\"--cornerRadius:0px 0px 0px 0px ; --top-mod: 40px;--bottom-mod: 40px;--top-mod-t: 40px;--bottom-mod-t: 40px;--top-mod-m:20px;--bottom-mod-m:0px;\" ><div class=\"single-image-out left-ux singleimage-center-ux-m\"  ><figure class=\"single-image   single-image-notfull   \" no><div class=\"ux-hover-wrap anima-wrap\" style=\"padding-top: 149.73544973545%;\"><span class=\"ux-hover-wrap-a\"><img loading=\"lazy\" decoding=\"async\" alt=\"mrks_R5__0383_web_7x10\" class=\"single-image-img img1st lazy \" src=\"data:image\/gif;base64,R0lGODlhAQABAIAAAAAAAP\/\/\/yH5BAEAAAAALAAAAAABAAEAAAIBRAA7\" data-src=\"https:\/\/markusfrietsch.com\/wp-content\/uploads\/2022\/03\/mrks_R5__0383_web_7x10.jpg\"   width=\"189\" height=\"283\" \/><\/span><\/div><\/figure><\/div><\/div><\/div><div id=\"\" class=\"module col-9 module-id-1646734144333\" data-module-col=\"9\"><div class=\"module-inside text-inside\" style=\"--top-mod: 20px;--bottom-mod: 0px;--top-mod-t: 20px;--bottom-mod-t: 0px;--top-mod-m:0px;--bottom-mod-m:0px;\" ><div class=\"text_block_out\"  data-effect=\"standard\" style=\"\"><div class=\"text_block ux-mod-nobg\"><div class=\"text_block_inn\"><div id=\"text-1646734144333\" class=\"text_block_centered text_block_centered_enable_width\"  style=\"\"><p><span style=\"color: #99ccff; font-size: 20px;\">Info<\/span><span style=\"color: #000000;\"><span style=\"font-size: 16px;\"><span style=\"color: #000000;\"><span style=\"font-size: 16px;\"><span style=\"color: #ffffff;\">Alle Texte und Fotos auf dieser Website sind urheberrechtlich gesch\u00fctzt.\u2028 Jede Nutzung bedarf der ausdr\u00fccklichen Zustimmung des Fotografen. <br>Markus Frietsch ist Mitglied der IGAF, Interessen Gemeinschaft\u2028 Architektur Fotografie Schweiz.<br><\/span><\/span><span style=\"font-size: 16px;\"><a href=\"https:\/\/igaf.ch\/nutzungsrechte\/\" target=\"_blank\" rel=\"noopener\"><span style=\"font-size: 16px;\">Allgemeine Gesch\u00e4ftsbedingungen&nbsp; IGAF<\/span><\/a><span style=\"font-size: 16px;\">\u2028&nbsp;<span style=\"color: #ffffff;\">\u2022&nbsp; <\/span><\/span><a href=\"https:\/\/igaf.ch\/nutzungsrechte\/\" target=\"_blank\" rel=\"noopener\"> Nutzungsrechte&nbsp; IGAF<\/a><\/span><\/span><\/span><\/span><\/p>\n<p>&nbsp;<\/p>\n<p>&nbsp;<\/p><\/div><\/div><\/div><\/div><\/div><\/div><div id=\"\" class=\"module col-9 module-id-1646311939110 col-offset-0\" data-module-col=\"9\"><div class=\"module-inside text-inside\" style=\"--top-mod: 40px;--bottom-mod: 20px;--top-mod-t: 40px;--bottom-mod-t: 20px;--top-mod-m:0px;--bottom-mod-m:0px;\" ><div class=\"text_block_out\"  data-effect=\"standard\" style=\"\"><div class=\"text_block ux-mod-nobg\"><div class=\"text_block_inn\"><div id=\"text-1646311939110\" class=\"text_block_centered text_block_centered_enable_width\"  style=\"\"><p><span style=\"color: #efefef;\"><span style=\"color: #6badde;\"><span style=\"font-size: 20px;\">CV <\/span><\/span><br><span style=\"font-size: 16px;\">seit 2024 Berufsbildner f\u00fcr Fotomedienfachleute bei Br\u00fcggli Admedia \u2022 seit 2021 Pr\u00fcfungsexperte Lehrabschlusspr\u00fcfung Fotografie, Kanton Z\u00fcrich \u2022 2017 Lehrauftrag Fotografie, HKDM Freiburg (D)\u2028 \u2022 2013-2022 Dozent im Lehrgang CAS Fotografie, Migros Klubschule Z\u00fcrich \u2022 seit 2006 Selbst\u00e4ndiger Fotograf \u2022 2006 Diplom Fotografie, Hochschule f\u00fcr Gestaltung und Kunst Z\u00fcrich (heute ZHDK)\u2028 \u2022 1996 \u2013 2006 Lichtgestalter f\u00fcr Tanz, Theater und Performance \u2022 1996 Staatsexamen Medizin, Freiburg (D)<\/span><\/span><\/p><\/div><\/div><\/div><\/div><\/div><\/div><div id=\"\" class=\"module col-9 module-id-1646658332565 col-offset-0\" data-module-col=\"9\"><div class=\"module-inside text-inside\" style=\"--top-mod: 60px;--bottom-mod: 40px;--top-mod-t: 60px;--bottom-mod-t: 40px;--top-mod-m:0px;--bottom-mod-m:0px;\" ><div class=\"text_block_out\"  data-effect=\"standard\" style=\"\"><div class=\"text_block ux-mod-nobg\"><div class=\"text_block_inn\"><div id=\"text-1646658332565\" class=\"text_block_centered \"  style=\"\"><font color=\"#CEC6CE\"><font color=\"#6BADDE\"><span style=\"font-size: 20px;\">Referenzen \ufeff\n<\/span><\/font><br><font color=\"#EFEFEF\"><span style=\"font-size: 16px;\">A10, Amsterdam \u2022 AHB Stadt Z\u00fcrich \u2022 Anliker Bauunternehmung \u2022 Anthos \u2022 Archithema \u2022 Archithese \u2022 BAFU \u2022 Bank Coop Gesch\u00e4ftsbericht \u2022 Bart Buchhofer Architekten \u2022 Baunetz Media \u2022 Beobachter \u2022 BFE \u2022 B\u00fchler Hartmann &amp; Leibundgut Architekten \u2022 Construction &amp; B\u00e2timent \u2022 Deutsche Bauzeitung \u2022 Eternit \u2022 Feddersen &amp; Klostermann  \u2022 Geberit Gesch\u00e4ftsbericht \u2022 Hochparterre \u2022 Hoffmann &amp; M\u00fcller Landschaftsarchitektur \u2022 Holzhausen Zweifel Architekten \u2022 Huggenbergerfries Architekten \u2022 Impulse, Hamburg \u2022 ISG Magazin, Graz \u2022 Kulturamt Stadt Freiburg (D) \u2022 Migros Klubschule \u2022 MSV Architectes \u2022 Museum f\u00fcr Gestaltung \u2022 Pirovino Mohr Architekten \u2022 Sanitas Kundenmagazin \u2022 Schweizer Familie \u2022 Standard, Wien \u2022 Tagesanzeiger \u2022 tec 21 \u2022 Terrabloc \u2022 Topos \u2022 Tulux \u2022 ZEITmagazin, Hamburg \u2022 Zumtobel Lighting <\/span><\/font><\/font><font color=\"#CEC6CE\"><span style=\"font-size: 15px;\"><\/span><span style=\"font-family:\" times=\"\" new=\"\" roman\",serif;mso-fareast-font-family:=\"\" \"times=\"\" roman\";mso-fareast-language:de\"=\"\" lang=\"EN-US\"><span style=\"mso-spacerun:yes\"><\/span><\/span><\/font><span style=\"font-family:\" times=\"\" new=\"\" roman\",serif;=\"\" mso-fareast-font-family:\"times=\"\" roman\";mso-fareast-language:de\"=\"\"><\/span>\n\n\n\n\n\n<style>@font-face\n\t{font-family:\"Cambria Math\";\n\tpanose-1:2 4 5 3 5 4 6 3 2 4;\n\tmso-font-charset:0;\n\tmso-generic-font-family:roman;\n\tmso-font-pitch:variable;\n\tmso-font-signature:-536870145 1107305727 0 0 415 0;}@font-face\n\t{font-family:Calibri;\n\tpanose-1:2 15 5 2 2 2 4 3 2 4;\n\tmso-font-charset:0;\n\tmso-generic-font-family:swiss;\n\tmso-font-pitch:variable;\n\tmso-font-signature:-536859905 -1073732485 9 0 511 0;}p.MsoNormal, li.MsoNormal, div.MsoNormal\n\t{mso-style-unhide:no;\n\tmso-style-qformat:yes;\n\tmso-style-parent:\"\";\n\tmargin:0cm;\n\tmso-pagination:widow-orphan;\n\tfont-size:12.0pt;\n\tfont-family:\"Calibri\",sans-serif;\n\tmso-ascii-font-family:Calibri;\n\tmso-ascii-theme-font:minor-latin;\n\tmso-fareast-font-family:Calibri;\n\tmso-fareast-theme-font:minor-latin;\n\tmso-hansi-font-family:Calibri;\n\tmso-hansi-theme-font:minor-latin;\n\tmso-bidi-font-family:\"Times New Roman\";\n\tmso-bidi-theme-font:minor-bidi;\n\tmso-fareast-language:EN-US;}.MsoChpDefault\n\t{mso-style-type:export-only;\n\tmso-default-props:yes;\n\tfont-family:\"Calibri\",sans-serif;\n\tmso-ascii-font-family:Calibri;\n\tmso-ascii-theme-font:minor-latin;\n\tmso-fareast-font-family:Calibri;\n\tmso-fareast-theme-font:minor-latin;\n\tmso-hansi-font-family:Calibri;\n\tmso-hansi-theme-font:minor-latin;\n\tmso-bidi-font-family:\"Times New Roman\";\n\tmso-bidi-theme-font:minor-bidi;\n\tmso-fareast-language:EN-US;}div.WordSection1\n\t{page:WordSection1;}<\/style><\/div><\/div><\/div><\/div><\/div><\/div><div id=\"\" class=\"module col-9 module-id-1646658336735 col-offset-0\" data-module-col=\"9\"><div class=\"module-inside text-inside\" style=\"--top-mod: 20px;--bottom-mod: 0px;--top-mod-t: 20px;--bottom-mod-t: 0px;--top-mod-m:0px;--bottom-mod-m:0px;\" ><div class=\"text_block_out\"  data-effect=\"standard\" style=\"\"><div class=\"text_block ux-mod-nobg\"><div class=\"text_block_inn\"><div id=\"text-1646658336735\" class=\"text_block_centered \"  style=\"\"><font color=\"#CEC6CE\"><font color=\"#6BADDE\"><span style=\"background-color: transparent;\"><span style=\"font-size: 20px;\">Ausstellungen  und Performanzen<\/span><\/span><\/font><br><font color=\"#EFEFEF\"><span style=\"font-size: 16px;\">2021 PANORAMAFREIHEIT Apropos: b-side, Transitlager Basel\/ Fotografie \u2022 2020 PANORAMAFREIHEIT Apropos: b-side, Zeughaus Teufen\/ Fotografie\n2019 UNDUNKEL   Atelier Fotografie der Klubschule, Photobastei Z\u00fcrich\/Kurator \u2022 2018 ANSICHTSSACHEN Atelier Fotografie der Klubschule, Photobastei Z\u00fcrich\/Kurator\n\u2022 2016 DAS SIND SO DIESE ANSICHTEN Atelier Fotografie der Klubschule, Photobastei Z\u00fcrich\/ Kurator \u2022 2016 UM LEIB UND LEBEN\/ CUP FINAL Fotobiennale Achern\/ Fotografie, Installation \u2022 2014 BROT, ZHAW W\u00e4denswil\/Fotografie \u2022 2014 IM VISIER Atelier Fotografie der Klubschule, Photobastei Z\u00fcrich\/ Kurator \u2022 2014 UNTERIRDISCH Museum f\u00fcr Gestaltung Z\u00fcrich\/ Fotografie \u2022 2014 FAST VORW\u00c4RTS Tanz- und Theaterfestival Freiburg\/ Soloperformance \u2022 2014 UM LEIB UND LEBEN\/ CUP FINAL Photobastei Z\u00fcrich\/ Fotografie, Installation \u2022 2013 UM LEIB UND LEBEN\/ CUP FINAL Photoforum Pasquart Biel\/ Fotografie, Installation \u2022 2013 SPORTANLAGEN ewz-Selection, EWZ-Unterwerk Selnau Z\u00fcrich\/Architekturfotografie \u2022\n2010 FAST VORW\u00c4RTS Tanzhaus Wasserwerk Z\u00fcrich\/ Soloperformance \u2022 2009 THEM Kampnagel Hamburg, Sophiens\u00e4le Berlin, Brut Wien, Gessnerallee Z\u00fcrich\/ Akteur \u2022 2009 SOCIAL MOVEMENT nadaproductios, Tanzquartier Wien\/Akteur \u2022 2008 BADI OFFEN Galerie Dorff, Freiburg i.Brsg.\/Fotografie \u2022 2007 BER\u00dcHMT Focus 0711, Fotosommer Stuttgart\/Fotografie \u2022\n2006 BROT Regionale 7, Mus\u00e9e des Beaux Arts Mulhouse\/ Fotografie \u2022 2006 MASSNAHMEN Jungkunst, Sulzerareal Winterthur\/Fotografie \u2022 2006 BER\u00dcHMT Europ. Monat der Fotografie, Martin-Gropius-Bau Berlin\/Fotografie \u2022 2006 TRAN Toni-Areal Z\u00fcrich\/Fotografie \u2022 2006 BER\u00dcHMT Klubfoto, Gruner+Jahr-Pressehaus Hamburg\/Fotografie \u2022 2005 MASSNAHMEN Alte Spinnerei Leipzig\/Fotografie \u2022 2005 BROT Selection vfg, Ewz-Unterwerk Selnau Z\u00fcrich\/Fotografie \u2022 2004 MEISTERWERKE IN OEL Walcheturm Z\u00fcrich, NRW-Forum D\u00fcsseldorf\/ Objekte \u2022 2003 KNUT GEHT BADEN Atelier Habsburger, Freiburg i. Brsg.\/ Fotografie und Installation\n\n<\/span><\/font><\/font><font color=\"#CEC6CE\"><span><\/span><\/font><\/div><\/div><\/div><\/div><\/div><\/div><\/div>","protected":false},"excerpt":{"rendered":"<p>\u201eAls Fotograf bin ich interessiert an Menschen und R\u00e4umen. Wenn &hellip;<\/p>\n","protected":false},"author":1,"featured_media":0,"parent":0,"menu_order":0,"comment_status":"closed","ping_status":"closed","template":"","meta":{"inline_featured_image":false,"footnotes":""},"class_list":["post-1068","page","type-page","status-publish","hentry"],"_links":{"self":[{"href":"https:\/\/markusfrietsch.com\/index.php?rest_route=\/wp\/v2\/pages\/1068","targetHints":{"allow":["GET"]}}],"collection":[{"href":"https:\/\/markusfrietsch.com\/index.php?rest_route=\/wp\/v2\/pages"}],"about":[{"href":"https:\/\/markusfrietsch.com\/index.php?rest_route=\/wp\/v2\/types\/page"}],"author":[{"embeddable":true,"href":"https:\/\/markusfrietsch.com\/index.php?rest_route=\/wp\/v2\/users\/1"}],"replies":[{"embeddable":true,"href":"https:\/\/markusfrietsch.com\/index.php?rest_route=%2Fwp%2Fv2%2Fcomments&post=1068"}],"version-history":[{"count":18,"href":"https:\/\/markusfrietsch.com\/index.php?rest_route=\/wp\/v2\/pages\/1068\/revisions"}],"predecessor-version":[{"id":1766,"href":"https:\/\/markusfrietsch.com\/index.php?rest_route=\/wp\/v2\/pages\/1068\/revisions\/1766"}],"wp:attachment":[{"href":"https:\/\/markusfrietsch.com\/index.php?rest_route=%2Fwp%2Fv2%2Fmedia&parent=1068"}],"curies":[{"name":"wp","href":"https:\/\/api.w.org\/{rel}","templated":true}]}}